{"id":10557,"date":"2022-07-20T13:31:30","date_gmt":"2022-07-20T13:31:30","guid":{"rendered":"https:\/\/miraceti.org\/grand-public\/"},"modified":"2026-02-17T14:25:48","modified_gmt":"2026-02-17T14:25:48","slug":"grand-public","status":"publish","type":"page","link":"https:\/\/miraceti.org\/en\/grand-public\/","title":{"rendered":"Grand Public"},"content":{"rendered":"\t\t<div data-elementor-type=\"wp-page\" data-elementor-id=\"10557\" class=\"elementor elementor-10557\" data-elementor-post-type=\"page\">\n\t\t\t\t\t\t<section class=\"has_eae_slider elementor-section elementor-top-section elementor-element elementor-element-690c335 elementor-section-full_width elementor-section-height-default elementor-section-height-default\" data-eae-slider=\"34526\" data-id=\"690c335\" data-element_type=\"section\" data-e-type=\"section\" data-settings=\"{&quot;background_background&quot;:&quot;classic&quot;,&quot;shape_divider_bottom&quot;:&quot;waves&quot;}\">\n\t\t\t\t\t<div class=\"elementor-shape elementor-shape-bottom\" aria-hidden=\"true\" data-negative=\"false\">\n\t\t\t<svg xmlns=\"http:\/\/www.w3.org\/2000\/svg\" viewBox=\"0 0 1000 100\" preserveAspectRatio=\"none\">\n\t<path class=\"elementor-shape-fill\" d=\"M421.9,6.5c22.6-2.5,51.5,0.4,75.5,5.3c23.6,4.9,70.9,23.5,100.5,35.7c75.8,32.2,133.7,44.5,192.6,49.7\n\tc23.6,2.1,48.7,3.5,103.4-2.5c54.7-6,106.2-25.6,106.2-25.6V0H0v30.3c0,0,72,32.6,158.4,30.5c39.2-0.7,92.8-6.7,134-22.4\n\tc21.2-8.1,52.2-18.2,79.7-24.2C399.3,7.9,411.6,7.5,421.9,6.5z\"\/>\n<\/svg>\t\t<\/div>\n\t\t\t\t\t<div class=\"elementor-container elementor-column-gap-default\">\n\t\t\t\t\t<div class=\"has_eae_slider elementor-column elementor-col-100 elementor-top-column elementor-element elementor-element-eff328d\" data-eae-slider=\"26446\" data-id=\"eff328d\" data-element_type=\"column\" data-e-type=\"column\">\n\t\t\t<div class=\"elementor-widget-wrap elementor-element-populated\">\n\t\t\t\t\t\t<div class=\"elementor-element elementor-element-0a3fa51 elementor-widget elementor-widget-heading\" data-id=\"0a3fa51\" data-element_type=\"widget\" data-e-type=\"widget\" data-widget_type=\"heading.default\">\n\t\t\t\t<div class=\"elementor-widget-container\">\n\t\t\t\t\t<h1 class=\"elementor-heading-title elementor-size-default\">STAGES<br>Grand public<\/h1>\t\t\t\t<\/div>\n\t\t\t\t<\/div>\n\t\t\t\t<div class=\"elementor-element elementor-element-d83ada7 elementor-widget elementor-widget-text-editor\" data-id=\"d83ada7\" data-element_type=\"widget\" data-e-type=\"widget\" data-widget_type=\"text-editor.default\">\n\t\t\t\t<div class=\"elementor-widget-container\">\n\t\t\t\t\t\t\t\t\t<p><span style=\"font-weight: 400\">Vous \u00eates passionn\u00e9.es par la mer et vous souhaitez assister MIRACETI dans la recherche et la collecte de donn\u00e9es ? Formez-vous pour devenir observateur.rice !<\/span><\/p>\t\t\t\t\t\t\t\t<\/div>\n\t\t\t\t<\/div>\n\t\t\t\t\t<\/div>\n\t\t<\/div>\n\t\t\t\t\t<\/div>\n\t\t<\/section>\n\t\t\t\t<section class=\"has_eae_slider elementor-section elementor-top-section elementor-element elementor-element-bcd76be elementor-section-full_width elementor-section-height-default elementor-section-height-default\" data-eae-slider=\"30644\" data-id=\"bcd76be\" data-element_type=\"section\" data-e-type=\"section\">\n\t\t\t\t\t\t<div class=\"elementor-container elementor-column-gap-default\">\n\t\t\t\t\t<div class=\"has_eae_slider elementor-column elementor-col-100 elementor-top-column elementor-element elementor-element-c7ea5a0\" data-eae-slider=\"13318\" data-id=\"c7ea5a0\" data-element_type=\"column\" data-e-type=\"column\">\n\t\t\t<div class=\"elementor-widget-wrap elementor-element-populated\">\n\t\t\t\t\t\t<div class=\"elementor-element elementor-element-0cd1aee elementor-widget elementor-widget-shortcode\" data-id=\"0cd1aee\" data-element_type=\"widget\" data-e-type=\"widget\" data-widget_type=\"shortcode.default\">\n\t\t\t\t<div class=\"elementor-widget-container\">\n\t\t\t\t\t\t\t<div class=\"elementor-shortcode\"><nav aria-label=\"breadcrumbs\" class=\"rank-math-breadcrumb\"><p><span class=\"last\">Accueil<\/span><\/p><\/nav><\/div>\n\t\t\t\t\t\t<\/div>\n\t\t\t\t<\/div>\n\t\t\t\t\t<\/div>\n\t\t<\/div>\n\t\t\t\t\t<\/div>\n\t\t<\/section>\n\t\t\t\t<section class=\"has_eae_slider elementor-section elementor-top-section elementor-element elementor-element-5f1541d elementor-section-boxed elementor-section-height-default elementor-section-height-default\" data-eae-slider=\"6949\" data-id=\"5f1541d\" data-element_type=\"section\" data-e-type=\"section\">\n\t\t\t\t\t\t<div class=\"elementor-container elementor-column-gap-default\">\n\t\t\t\t\t<div class=\"has_eae_slider elementor-column elementor-col-100 elementor-top-column elementor-element elementor-element-19b635e\" data-eae-slider=\"96127\" data-id=\"19b635e\" data-element_type=\"column\" data-e-type=\"column\">\n\t\t\t<div class=\"elementor-widget-wrap elementor-element-populated\">\n\t\t\t\t\t\t<div class=\"elementor-element elementor-element-8ab92e3 elementor-widget elementor-widget-heading\" data-id=\"8ab92e3\" data-element_type=\"widget\" data-e-type=\"widget\" data-widget_type=\"heading.default\">\n\t\t\t\t<div class=\"elementor-widget-container\">\n\t\t\t\t\t<h1 class=\"elementor-heading-title elementor-size-default\">Stage Observateur.rice : \u00e9tudier les c\u00e9tac\u00e9s \u00e0 bord d'un voilier<\/h1>\t\t\t\t<\/div>\n\t\t\t\t<\/div>\n\t\t\t\t\t<\/div>\n\t\t<\/div>\n\t\t\t\t\t<\/div>\n\t\t<\/section>\n\t\t\t\t<section class=\"has_eae_slider elementor-section elementor-top-section elementor-element elementor-element-17f7c91 elementor-section-boxed elementor-section-height-default elementor-section-height-default\" data-eae-slider=\"18060\" data-id=\"17f7c91\" data-element_type=\"section\" data-e-type=\"section\">\n\t\t\t\t\t\t<div class=\"elementor-container elementor-column-gap-default\">\n\t\t\t\t\t<div class=\"has_eae_slider elementor-column elementor-col-100 elementor-top-column elementor-element elementor-element-ff10c80\" data-eae-slider=\"23203\" data-id=\"ff10c80\" data-element_type=\"column\" data-e-type=\"column\">\n\t\t\t<div class=\"elementor-widget-wrap elementor-element-populated\">\n\t\t\t\t\t\t<div class=\"elementor-element elementor-element-9f8e45f elementor-widget elementor-widget-text-editor\" data-id=\"9f8e45f\" data-element_type=\"widget\" data-e-type=\"widget\" data-widget_type=\"text-editor.default\">\n\t\t\t\t<div class=\"elementor-widget-container\">\n\t\t\t\t\t\t\t\t\t<p><span style=\"font-weight: 400\">La <\/span><b>connaissance et la protection des c\u00e9tac\u00e9s<\/b><span style=\"font-weight: 400\"> ne sont pas r\u00e9serv\u00e9es aux scientifiques, chacun peut apporter sa pierre \u00e0 l\u2019\u00e9difice et cela de diff\u00e9rentes mani\u00e8res. <\/span><\/p><p><span style=\"font-weight: 400\">Rejoignez l\u2019\u00e9quipe MIRACETI en participant \u00e0 un <\/span><b>stage embarqu\u00e9 \u00e0 bord de nos missions scientifiques d&#8217;\u00e9tude des c\u00e9tac\u00e9s<\/b>\u00a0propos\u00e9s<span style=\"font-weight: 400\"> ci-dessous.\u00a0\u00a0<\/span><\/p><p><span style=\"font-weight: 400\">\u00c0 la fin de ces <\/span><b>7 jours de stage \u00e0 bord d\u2019un voilier<\/b><span style=\"font-weight: 400\">, vous deviendrez <\/span><b>observateur.rice<\/b><span style=\"font-weight: 400\"> b\u00e9n\u00e9vole chez MIRACETI, ce qui vous donnera la possibilit\u00e9 de participer \u00e0 nos sorties d\u2019observation journali\u00e8res ou \u00e0 nos missions embarqu\u00e9es d\u2019une semaine.\u00a0<\/span><\/p><p><span style=\"font-weight: 400\">Les informations sp\u00e9cifiques aux stages et le lien d&#8217;inscription sont indiqu\u00e9s sur les plaquettes de pr\u00e9sentation ci-dessous.<\/span><\/p>\t\t\t\t\t\t\t\t<\/div>\n\t\t\t\t<\/div>\n\t\t\t\t<div class=\"elementor-element elementor-element-7e17562 elementor--h-position-center elementor--v-position-middle elementor-arrows-position-inside elementor-pagination-position-inside elementor-widget elementor-widget-slides\" data-id=\"7e17562\" data-element_type=\"widget\" data-e-type=\"widget\" data-settings=\"{&quot;navigation&quot;:&quot;both&quot;,&quot;autoplay&quot;:&quot;yes&quot;,&quot;pause_on_hover&quot;:&quot;yes&quot;,&quot;pause_on_interaction&quot;:&quot;yes&quot;,&quot;autoplay_speed&quot;:5000,&quot;infinite&quot;:&quot;yes&quot;,&quot;transition&quot;:&quot;slide&quot;,&quot;transition_speed&quot;:500}\" data-widget_type=\"slides.default\">\n\t\t\t\t<div class=\"elementor-widget-container\">\n\t\t\t\t\t\t\t\t\t<div class=\"elementor-swiper\">\n\t\t\t\t\t<div class=\"elementor-slides-wrapper elementor-main-swiper swiper\" role=\"region\" aria-roledescription=\"carousel\" aria-label=\"Diapositives\" dir=\"ltr\" data-animation=\"fadeInUp\">\n\t\t\t\t<div class=\"swiper-wrapper elementor-slides\">\n\t\t\t\t\t\t\t\t\t\t<div class=\"elementor-repeater-item-428934d swiper-slide\" role=\"group\" aria-roledescription=\"slide\"><div class=\"swiper-slide-bg\" role=\"img\" aria-label=\"1\"><\/div><div class=\"swiper-slide-inner\" ><div class=\"swiper-slide-contents\"><\/div><\/div><\/div><div class=\"elementor-repeater-item-0a96804 swiper-slide\" role=\"group\" aria-roledescription=\"slide\"><div class=\"swiper-slide-bg\" role=\"img\" aria-label=\"2\"><\/div><a class=\"swiper-slide-inner\" href=\"https:\/\/docs.google.com\/forms\/d\/e\/1FAIpQLSfjDDwnraOUBBdxB59wlyT9wDthUiohrEYuC26LQkoJx_mRJg\/viewform?usp=dialog\" target=\"_blank\" rel=\"noopener\"><div class=\"swiper-slide-contents\"><\/div><\/a><\/div><div class=\"elementor-repeater-item-2244b3b swiper-slide\" role=\"group\" aria-roledescription=\"slide\"><div class=\"swiper-slide-bg\" role=\"img\" aria-label=\"3\"><\/div><div class=\"swiper-slide-inner\" ><div class=\"swiper-slide-contents\"><\/div><\/div><\/div>\t\t\t\t<\/div>\n\t\t\t\t\t\t\t\t\t\t\t\t\t\t\t<div class=\"elementor-swiper-button elementor-swiper-button-prev\" role=\"button\" tabindex=\"0\" aria-label=\"Previous slide\">\n\t\t\t\t\t\t\t<i aria-hidden=\"true\" class=\"eicon-chevron-left\"><\/i>\t\t\t\t\t\t<\/div>\n\t\t\t\t\t\t<div class=\"elementor-swiper-button elementor-swiper-button-next\" role=\"button\" tabindex=\"0\" aria-label=\"Next slide\">\n\t\t\t\t\t\t\t<i aria-hidden=\"true\" class=\"eicon-chevron-right\"><\/i>\t\t\t\t\t\t<\/div>\n\t\t\t\t\t\t\t\t\t\t\t\t\t\t\t\t<div class=\"swiper-pagination\"><\/div>\n\t\t\t\t\t\t\t\t\t\t\t\t<\/div>\n\t\t\t\t<\/div>\n\t\t\t\t\t\t\t\t<\/div>\n\t\t\t\t<\/div>\n\t\t\t\t<div class=\"elementor-element elementor-element-4127ec3 elementor-align-center elementor-widget elementor-widget-button\" data-id=\"4127ec3\" data-element_type=\"widget\" data-e-type=\"widget\" data-widget_type=\"button.default\">\n\t\t\t\t<div class=\"elementor-widget-container\">\n\t\t\t\t\t\t\t\t\t<div class=\"elementor-button-wrapper\">\n\t\t\t\t\t<a class=\"elementor-button elementor-button-link elementor-size-sm\" href=\"https:\/\/docs.google.com\/forms\/d\/e\/1FAIpQLSfjDDwnraOUBBdxB59wlyT9wDthUiohrEYuC26LQkoJx_mRJg\/viewform?usp=dialog\" target=\"_blank\" rel=\"noopener\">\n\t\t\t\t\t\t<span class=\"elementor-button-content-wrapper\">\n\t\t\t\t\t\t\t\t\t<span class=\"elementor-button-text\">Lien d'inscription au stage<\/span>\n\t\t\t\t\t<\/span>\n\t\t\t\t\t<\/a>\n\t\t\t\t<\/div>\n\t\t\t\t\t\t\t\t<\/div>\n\t\t\t\t<\/div>\n\t\t\t\t\t<\/div>\n\t\t<\/div>\n\t\t\t\t\t<\/div>\n\t\t<\/section>\n\t\t\t\t<\/div>\n\t\t","protected":false},"excerpt":{"rendered":"<p>STAGESGrand public Vous \u00eates passionn\u00e9.es par la mer et vous souhaitez assister MIRACETI dans la recherche et la collecte de donn\u00e9es ? Formez-vous pour devenir observateur.rice !<nav aria-label=\"breadcrumbs\" class=\"rank-math-breadcrumb\"><p><span class=\"last\">Accueil<\/span><\/p><\/nav> Stage Observateur.rice : \u00e9tudier les c\u00e9tac\u00e9s \u00e0 bord d&#8217;un voilier La connaissance et la protection des c\u00e9tac\u00e9s ne sont pas r\u00e9serv\u00e9es aux scientifiques, chacun peut apporter sa pierre [&hellip;]<\/p>\n","protected":false},"author":4,"featured_media":10438,"parent":0,"menu_order":0,"comment_status":"closed","ping_status":"closed","template":"","meta":{"_et_pb_use_builder":"on","_et_pb_old_content":"<h1>STAGES<br>Grand public<\/h1>\t\t\t\t\n\t\t<p>Vous \u00eates passionn\u00e9s par la mer et vous souhaitez assister MIRACETI dans la recherche et la collecte de donn\u00e9es ? Formez-vous pour devenir observateur !<\/p>[rank_math_breadcrumb]\t\t\n\t\t\t\t\t<h1>Stages Grand public<\/h1>\t\t\t\t\n\t\t<p>La <b>connaissance et la protection des c\u00e9tac\u00e9s<\/b> ne sont pas r\u00e9serv\u00e9es aux scientifiques, chacun peut apporter sa pierre \u00e0 l\u2019\u00e9difice et cela de diff\u00e9rentes mani\u00e8res. Rejoignez l\u2019\u00e9quipe MIRACETI en participant \u00e0 l\u2019un des <b>deux stages embarqu\u00e9s \u00e0 bord de nos missions scientifiques d'\u00e9tude des c\u00e9tac\u00e9s<\/b>&nbsp;propos\u00e9s ci-dessous.&nbsp;&nbsp;<\/p>\n<p>\u00c0 la fin de ces <b>7 jours de stage \u00e0 bord d\u2019un voilier<\/b>, vous deviendrez <b>observateur<\/b> b\u00e9n\u00e9vole chez MIRACETI, ce qui vous donnera la possibilit\u00e9 de participer \u00e0 nos sorties d\u2019observation journali\u00e8res ou \u00e0 nos missions embarqu\u00e9es d\u2019une semaine.&nbsp;<\/p>\n<p>Les informations sp\u00e9cifiques aux stages sont indiqu\u00e9es sur les plaquettes de pr\u00e9sentation ci-dessous.<\/p>\t\t\n\t\t\t\t\t<h2>Stage Observateur : collecte de donn\u00e9es c\u00e9tac\u00e9s<\/h2>\t\t\t\t\n\t\t<p>Devenez un observateur c\u00e9tac\u00e9 en participant activement \u00e0 une mission scientifique. Ce stage pratique en immersion a pour objectif de comprendre les enjeux et m\u00e9thodes de l\u2019\u00e9tude et la protection des c\u00e9tac\u00e9s et de savoir collecter les donn\u00e9es selon un protocole scientifique. <\/p>\n<p>Les dates 2025 :<\/p><p style=\"font-size: 14px\">- Du 19 au 25 avril<\/p><p style=\"font-size: 14px\">- Du 24 au 30 mai<\/p><p style=\"font-size: 14px\">- Du 31 mai au 6 juin<\/p><p style=\"font-size: 14px\">- Du 14 au 20 juin<\/p><p style=\"font-size: 14px\">- Du 23 au 29 ao\u00fbt<\/p><p style=\"font-size: 14px\">- Du 13 au 19 septembre<\/p>\t\t\n\t\t\t\t\t<a href=\"http:\/\/miraceti.org\/wp-content\/uploads\/2025\/01\/Plaquette_stage_observateur.pdf\">\n\t\t\t\t\t\t\t\t\tD\u00e9couvrir la plaquette du stage observateur\n\t\t\t\t\t<\/a>\n\t\t\t\t\t<a href=\"https:\/\/docs.google.com\/forms\/d\/e\/1FAIpQLScqt2QN9o6Yyp7aJJG9hPm560MDImgw85NHmSeOoZTpUHvcWw\/viewform?usp=dialog\">\n\t\t\t\t\t\t\t\t\tDemande d'inscription\n\t\t\t\t\t<\/a>\n\t\t\t\t\t<h2>Stage D\u00e9couverte : Etudier les c\u00e9tac\u00e9s \u00e0 bord d'un voilier<\/h2>\t\t\t\t\n\t\t<p>D\u00e9couvrez le quotidien d'un c\u00e9tologue en immersion \u00e0 bord d'une mission scientifique sur un voilier. Ce stage pratique a pour objectif de d\u00e9couvrir la navigation, la vie \u00e0 bord et le travail des scientifiques \u00e0 bord d'un voilier. Des sessions th\u00e9oriques vous permettront de d\u00e9couvrir les c\u00e9tac\u00e9s de M\u00e9diterran\u00e9e et leurs menaces, ainsi que les bases de la navigation \u00e0 la voile.<\/p><p>Les dates 2025 :<\/p><p>- Du 1er au 7 mars<\/p><p style=\"font-size: 14px;background-color: #ffffff\">- Du 8 au 14 mars<\/p><p style=\"font-size: 14px;background-color: #ffffff\">- Du 15 au 21 mars<\/p><p style=\"font-size: 14px;background-color: #ffffff\">- Du 22 au 28 mars<\/p><p style=\"font-size: 14px;background-color: #ffffff\">- Du 22 au 28 novembre<\/p><p style=\"font-size: 14px;background-color: #ffffff\">- Du 29 novembre au 5 d\u00e9cembre<\/p><p style=\"font-size: 14px;background-color: #ffffff\">- Du 6 au 12 d\u00e9cembre<\/p><p style=\"padding-bottom: 0px;font-size: 14px;background-color: #ffffff\">- Du 13 au 19 d\u00e9cembre<\/p>\t\t\n\t\t\t\t\t<a href=\"http:\/\/miraceti.org\/wp-content\/uploads\/2025\/01\/Plaquette_stage%20_decouverte.pdf\" target=\"_blank\">\n\t\t\t\t\t\t\t\t\tD\u00e9couvrir la plaquette du stage d\u00e9couverte\n\t\t\t\t\t<\/a>\n\t\t\t\t\t<a href=\"https:\/\/docs.google.com\/forms\/d\/e\/1FAIpQLSeRDH6ko3tu_mpcYv5d7ayagfraH9LvPEvjxcZDmIyeqtIRMg\/viewform?usp=dialog\">\n\t\t\t\t\t\t\t\t\tDemande d'inscription\n\t\t\t\t\t<\/a>\n\t\t<p>Lorem ipsum dolor sit amet, consectetur adipiscing elit. Ut elit tellus, luctus nec ullamcorper mattis, pulvinar dapibus leo.<\/p>","_et_gb_content_width":"","_monsterinsights_skip_tracking":false,"_monsterinsights_sitenote_active":false,"_monsterinsights_sitenote_note":"","_monsterinsights_sitenote_category":0,"footnotes":""},"class_list":["post-10557","page","type-page","status-publish","has-post-thumbnail","hentry"],"_links":{"self":[{"href":"https:\/\/miraceti.org\/en\/wp-json\/wp\/v2\/pages\/10557","targetHints":{"allow":["GET"]}}],"collection":[{"href":"https:\/\/miraceti.org\/en\/wp-json\/wp\/v2\/pages"}],"about":[{"href":"https:\/\/miraceti.org\/en\/wp-json\/wp\/v2\/types\/page"}],"author":[{"embeddable":true,"href":"https:\/\/miraceti.org\/en\/wp-json\/wp\/v2\/users\/4"}],"replies":[{"embeddable":true,"href":"https:\/\/miraceti.org\/en\/wp-json\/wp\/v2\/comments?post=10557"}],"version-history":[{"count":60,"href":"https:\/\/miraceti.org\/en\/wp-json\/wp\/v2\/pages\/10557\/revisions"}],"predecessor-version":[{"id":13775,"href":"https:\/\/miraceti.org\/en\/wp-json\/wp\/v2\/pages\/10557\/revisions\/13775"}],"wp:featuredmedia":[{"embeddable":true,"href":"https:\/\/miraceti.org\/en\/wp-json\/wp\/v2\/media\/10438"}],"wp:attachment":[{"href":"https:\/\/miraceti.org\/en\/wp-json\/wp\/v2\/media?parent=10557"}],"curies":[{"name":"wp","href":"https:\/\/api.w.org\/{rel}","templated":true}]}}