{"id":10553,"date":"2022-08-08T13:16:14","date_gmt":"2022-08-08T13:16:14","guid":{"rendered":"https:\/\/miraceti.org\/les-mammiferes-marins-de-mediterranee\/"},"modified":"2024-04-09T20:38:43","modified_gmt":"2024-04-09T20:38:43","slug":"les-mammiferes-marins-de-mediterranee","status":"publish","type":"page","link":"https:\/\/miraceti.org\/en\/ecologie-et-biologie-2\/les-mammiferes-marins-de-mediterranee\/","title":{"rendered":"Les mammif\u00e8res \u201cmarins\u201d de M\u00e9diterran\u00e9e"},"content":{"rendered":"\t\t<div data-elementor-type=\"wp-page\" data-elementor-id=\"10553\" class=\"elementor elementor-10553\" data-elementor-post-type=\"page\">\n\t\t\t\t\t\t<section class=\"has_eae_slider elementor-section elementor-top-section elementor-element elementor-element-d0662b5 elementor-section-full_width elementor-section-height-default elementor-section-height-default\" data-eae-slider=\"33799\" data-id=\"d0662b5\" data-element_type=\"section\" data-e-type=\"section\" data-settings=\"{&quot;background_background&quot;:&quot;classic&quot;,&quot;shape_divider_bottom&quot;:&quot;waves&quot;}\">\n\t\t\t\t\t<div class=\"elementor-shape elementor-shape-bottom\" aria-hidden=\"true\" data-negative=\"false\">\n\t\t\t<svg xmlns=\"http:\/\/www.w3.org\/2000\/svg\" viewBox=\"0 0 1000 100\" preserveAspectRatio=\"none\">\n\t<path class=\"elementor-shape-fill\" d=\"M421.9,6.5c22.6-2.5,51.5,0.4,75.5,5.3c23.6,4.9,70.9,23.5,100.5,35.7c75.8,32.2,133.7,44.5,192.6,49.7\n\tc23.6,2.1,48.7,3.5,103.4-2.5c54.7-6,106.2-25.6,106.2-25.6V0H0v30.3c0,0,72,32.6,158.4,30.5c39.2-0.7,92.8-6.7,134-22.4\n\tc21.2-8.1,52.2-18.2,79.7-24.2C399.3,7.9,411.6,7.5,421.9,6.5z\"\/>\n<\/svg>\t\t<\/div>\n\t\t\t\t\t<div class=\"elementor-container elementor-column-gap-default\">\n\t\t\t\t\t<div class=\"has_eae_slider elementor-column elementor-col-100 elementor-top-column elementor-element elementor-element-40b8304\" data-eae-slider=\"46526\" data-id=\"40b8304\" data-element_type=\"column\" data-e-type=\"column\">\n\t\t\t<div class=\"elementor-widget-wrap elementor-element-populated\">\n\t\t\t\t\t\t<div class=\"elementor-element elementor-element-5231218 elementor-widget elementor-widget-heading\" data-id=\"5231218\" data-element_type=\"widget\" data-e-type=\"widget\" data-widget_type=\"heading.default\">\n\t\t\t\t<div class=\"elementor-widget-container\">\n\t\t\t\t\t<h1 class=\"elementor-heading-title elementor-size-default\">Les mammif\u00e8res \u201cmarins\u201d de M\u00e9diterran\u00e9e<\/h1>\t\t\t\t<\/div>\n\t\t\t\t<\/div>\n\t\t\t\t<div class=\"elementor-element elementor-element-08e574b elementor-widget elementor-widget-spacer\" data-id=\"08e574b\" data-element_type=\"widget\" data-e-type=\"widget\" data-widget_type=\"spacer.default\">\n\t\t\t\t<div class=\"elementor-widget-container\">\n\t\t\t\t\t\t\t<div class=\"elementor-spacer\">\n\t\t\t<div class=\"elementor-spacer-inner\"><\/div>\n\t\t<\/div>\n\t\t\t\t\t\t<\/div>\n\t\t\t\t<\/div>\n\t\t\t\t\t<\/div>\n\t\t<\/div>\n\t\t\t\t\t<\/div>\n\t\t<\/section>\n\t\t\t\t<section class=\"has_eae_slider elementor-section elementor-top-section elementor-element elementor-element-310e29a elementor-section-full_width elementor-section-height-default elementor-section-height-default\" data-eae-slider=\"77755\" data-id=\"310e29a\" data-element_type=\"section\" data-e-type=\"section\">\n\t\t\t\t\t\t<div class=\"elementor-container elementor-column-gap-default\">\n\t\t\t\t\t<div class=\"has_eae_slider elementor-column elementor-col-100 elementor-top-column elementor-element elementor-element-a94ed5c\" data-eae-slider=\"76914\" data-id=\"a94ed5c\" data-element_type=\"column\" data-e-type=\"column\">\n\t\t\t<div class=\"elementor-widget-wrap elementor-element-populated\">\n\t\t\t\t\t\t<div class=\"elementor-element elementor-element-d025009 elementor-widget elementor-widget-shortcode\" data-id=\"d025009\" data-element_type=\"widget\" data-e-type=\"widget\" data-widget_type=\"shortcode.default\">\n\t\t\t\t<div class=\"elementor-widget-container\">\n\t\t\t\t\t\t\t<div class=\"elementor-shortcode\"><nav aria-label=\"breadcrumbs\" class=\"rank-math-breadcrumb\"><p><span class=\"last\">Accueil<\/span><\/p><\/nav><\/div>\n\t\t\t\t\t\t<\/div>\n\t\t\t\t<\/div>\n\t\t\t\t\t<\/div>\n\t\t<\/div>\n\t\t\t\t\t<\/div>\n\t\t<\/section>\n\t\t\t\t<section class=\"has_eae_slider elementor-section elementor-top-section elementor-element elementor-element-9b0876b elementor-section-boxed elementor-section-height-default elementor-section-height-default\" data-eae-slider=\"93445\" data-id=\"9b0876b\" data-element_type=\"section\" data-e-type=\"section\">\n\t\t\t\t\t\t<div class=\"elementor-container elementor-column-gap-default\">\n\t\t\t\t\t<div class=\"has_eae_slider elementor-column elementor-col-100 elementor-top-column elementor-element elementor-element-1b89af2\" data-eae-slider=\"33205\" data-id=\"1b89af2\" data-element_type=\"column\" data-e-type=\"column\">\n\t\t\t<div class=\"elementor-widget-wrap elementor-element-populated\">\n\t\t\t\t\t\t<div class=\"elementor-element elementor-element-ab92705 elementor-widget elementor-widget-heading\" data-id=\"ab92705\" data-element_type=\"widget\" data-e-type=\"widget\" data-widget_type=\"heading.default\">\n\t\t\t\t<div class=\"elementor-widget-container\">\n\t\t\t\t\t<h2 class=\"elementor-heading-title elementor-size-default\"> Th\u00e8me 1 de l\u2019exposition Ceta\u2019M\u00e9diterran\u00e9e\n<\/h2>\t\t\t\t<\/div>\n\t\t\t\t<\/div>\n\t\t\t\t<div class=\"elementor-element elementor-element-e7e838a elementor-widget-divider--view-line elementor-widget elementor-widget-divider\" data-id=\"e7e838a\" data-element_type=\"widget\" data-e-type=\"widget\" data-widget_type=\"divider.default\">\n\t\t\t\t<div class=\"elementor-widget-container\">\n\t\t\t\t\t\t\t<div class=\"elementor-divider\">\n\t\t\t<span class=\"elementor-divider-separator\">\n\t\t\t\t\t\t<\/span>\n\t\t<\/div>\n\t\t\t\t\t\t<\/div>\n\t\t\t\t<\/div>\n\t\t\t\t<div class=\"elementor-element elementor-element-b96e68f elementor-widget elementor-widget-image\" data-id=\"b96e68f\" data-element_type=\"widget\" data-e-type=\"widget\" data-widget_type=\"image.default\">\n\t\t\t\t<div class=\"elementor-widget-container\">\n\t\t\t\t\t\t\t\t\t\t\t\t\t\t\t<img fetchpriority=\"high\" fetchpriority=\"high\" decoding=\"async\" width=\"474\" height=\"932\" src=\"https:\/\/miraceti.org\/wp-content\/uploads\/2022\/08\/Capture-de\u0301cran-2022-08-08-a\u0300-15.20.39.png\" class=\"attachment-large size-large wp-image-8944\" alt=\"Les mammif\u00e8res marins de m\u00e9diterran\u00e9e - MIRACETI\" srcset=\"https:\/\/miraceti.org\/wp-content\/uploads\/2022\/08\/Capture-de\u0301cran-2022-08-08-a\u0300-15.20.39.png 474w, https:\/\/miraceti.org\/wp-content\/uploads\/2022\/08\/Capture-de\u0301cran-2022-08-08-a\u0300-15.20.39-153x300.png 153w\" sizes=\"(max-width: 474px) 100vw, 474px\" \/>\t\t\t\t\t\t\t\t\t\t\t\t\t\t\t<\/div>\n\t\t\t\t<\/div>\n\t\t\t\t<div class=\"elementor-element elementor-element-3bbd152 elementor-align-center elementor-widget elementor-widget-button\" data-id=\"3bbd152\" data-element_type=\"widget\" data-e-type=\"widget\" data-widget_type=\"button.default\">\n\t\t\t\t<div class=\"elementor-widget-container\">\n\t\t\t\t\t\t\t\t\t<div class=\"elementor-button-wrapper\">\n\t\t\t\t\t<a class=\"elementor-button elementor-button-link elementor-size-sm\" href=\"https:\/\/miraceti.org\/wp-content\/uploads\/2022\/08\/MIRACETI_K1_MED.pdf\">\n\t\t\t\t\t\t<span class=\"elementor-button-content-wrapper\">\n\t\t\t\t\t\t\t\t\t<span class=\"elementor-button-text\"> T\u00e9l\u00e9charger le kak\u00e9mono<\/span>\n\t\t\t\t\t<\/span>\n\t\t\t\t\t<\/a>\n\t\t\t\t<\/div>\n\t\t\t\t\t\t\t\t<\/div>\n\t\t\t\t<\/div>\n\t\t\t\t<div class=\"elementor-element elementor-element-af6e0f6 elementor-widget elementor-widget-text-editor\" data-id=\"af6e0f6\" data-element_type=\"widget\" data-e-type=\"widget\" data-widget_type=\"text-editor.default\">\n\t\t\t\t<div class=\"elementor-widget-container\">\n\t\t\t\t\t\t\t\t\t<p><a href=\"https:\/\/miraceti.org\/les-cetaces\/ecologie-et-biologie-2\/\"><span style=\"text-decoration: underline;\"><span style=\"font-weight: 400;\">D\u00e9couvrir les autres kak\u00e9monos &gt;<\/span><\/span><\/a><\/p>\t\t\t\t\t\t\t\t<\/div>\n\t\t\t\t<\/div>\n\t\t\t\t\t<\/div>\n\t\t<\/div>\n\t\t\t\t\t<\/div>\n\t\t<\/section>\n\t\t\t\t<\/div>\n\t\t","protected":false},"excerpt":{"rendered":"<p>Les mammif\u00e8res \u201cmarins\u201d de M\u00e9diterran\u00e9e <nav aria-label=\"breadcrumbs\" class=\"rank-math-breadcrumb\"><p><span class=\"last\">Accueil<\/span><\/p><\/nav> Th\u00e8me 1 de l\u2019exposition Ceta\u2019M\u00e9diterran\u00e9e T\u00e9l\u00e9charger le kak\u00e9mono D\u00e9couvrir les autres kak\u00e9monos &gt;<\/p>\n","protected":false},"author":4,"featured_media":10521,"parent":10555,"menu_order":0,"comment_status":"closed","ping_status":"closed","template":"","meta":{"_et_pb_use_builder":"on","_et_pb_old_content":"<h1>Les mammif\u00e8res \u201cmarins\u201d de M\u00e9diterran\u00e9e<\/h1><p>[rank_math_breadcrumb]<\/p><h2>Th\u00e8me 1 de l\u2019exposition Ceta\u2019M\u00e9diterran\u00e9e<\/h2><p><img src=\"https:\/\/miraceti.org\/wp-content\/uploads\/2022\/08\/Capture-de\u0301cran-2022-08-08-a\u0300-15.20.39.png\" sizes=\"(max-width: 474px) 100vw, 474px\" srcset=\"https:\/\/miraceti.org\/wp-content\/uploads\/2022\/08\/Capture-de\u0301cran-2022-08-08-a\u0300-15.20.39.png 474w, https:\/\/miraceti.org\/wp-content\/uploads\/2022\/08\/Capture-de\u0301cran-2022-08-08-a\u0300-15.20.39-153x300.png 153w\" alt=\"\" width=\"474\" height=\"932\" \/><br \/><a href=\"https:\/\/miraceti.org\/wp-content\/uploads\/2022\/08\/MIRACETI_K1_MED.pdf\"><br \/>T\u00e9l\u00e9charger le kak\u00e9mono<br \/><\/a><\/p><p><a href=\"https:\/\/miraceti.org\/les-cetaces\/ecologie-et-biologie-2\/\">D\u00e9couvrir les autres kak\u00e9monos ><\/a><\/p>","_et_gb_content_width":"","_monsterinsights_skip_tracking":false,"_monsterinsights_sitenote_active":false,"_monsterinsights_sitenote_note":"","_monsterinsights_sitenote_category":0,"footnotes":""},"class_list":["post-10553","page","type-page","status-publish","has-post-thumbnail","hentry"],"_links":{"self":[{"href":"https:\/\/miraceti.org\/en\/wp-json\/wp\/v2\/pages\/10553","targetHints":{"allow":["GET"]}}],"collection":[{"href":"https:\/\/miraceti.org\/en\/wp-json\/wp\/v2\/pages"}],"about":[{"href":"https:\/\/miraceti.org\/en\/wp-json\/wp\/v2\/types\/page"}],"author":[{"embeddable":true,"href":"https:\/\/miraceti.org\/en\/wp-json\/wp\/v2\/users\/4"}],"replies":[{"embeddable":true,"href":"https:\/\/miraceti.org\/en\/wp-json\/wp\/v2\/comments?post=10553"}],"version-history":[{"count":15,"href":"https:\/\/miraceti.org\/en\/wp-json\/wp\/v2\/pages\/10553\/revisions"}],"predecessor-version":[{"id":12859,"href":"https:\/\/miraceti.org\/en\/wp-json\/wp\/v2\/pages\/10553\/revisions\/12859"}],"up":[{"embeddable":true,"href":"https:\/\/miraceti.org\/en\/wp-json\/wp\/v2\/pages\/10555"}],"wp:featuredmedia":[{"embeddable":true,"href":"https:\/\/miraceti.org\/en\/wp-json\/wp\/v2\/media\/10521"}],"wp:attachment":[{"href":"https:\/\/miraceti.org\/en\/wp-json\/wp\/v2\/media?parent=10553"}],"curies":[{"name":"wp","href":"https:\/\/api.w.org\/{rel}","templated":true}]}}