{"id":10551,"date":"2022-08-08T13:37:42","date_gmt":"2022-08-08T13:37:42","guid":{"rendered":"https:\/\/miraceti.org\/au-coeur-de-la-chaine-alimentaire\/"},"modified":"2024-04-09T20:19:26","modified_gmt":"2024-04-09T20:19:26","slug":"au-coeur-de-la-chaine-alimentaire","status":"publish","type":"page","link":"https:\/\/miraceti.org\/en\/ecologie-et-biologie-2\/au-coeur-de-la-chaine-alimentaire\/","title":{"rendered":"Au coeur de la cha\u00eene alimentaire"},"content":{"rendered":"\t\t<div data-elementor-type=\"wp-page\" data-elementor-id=\"10551\" class=\"elementor elementor-10551\" data-elementor-post-type=\"page\">\n\t\t\t\t\t\t<section class=\"has_eae_slider elementor-section elementor-top-section elementor-element elementor-element-bbdca7d elementor-section-full_width elementor-section-height-default elementor-section-height-default\" data-eae-slider=\"87394\" data-id=\"bbdca7d\" data-element_type=\"section\" data-e-type=\"section\" data-settings=\"{&quot;background_background&quot;:&quot;classic&quot;,&quot;shape_divider_bottom&quot;:&quot;waves&quot;}\">\n\t\t\t\t\t<div class=\"elementor-shape elementor-shape-bottom\" aria-hidden=\"true\" data-negative=\"false\">\n\t\t\t<svg xmlns=\"http:\/\/www.w3.org\/2000\/svg\" viewBox=\"0 0 1000 100\" preserveAspectRatio=\"none\">\n\t<path class=\"elementor-shape-fill\" d=\"M421.9,6.5c22.6-2.5,51.5,0.4,75.5,5.3c23.6,4.9,70.9,23.5,100.5,35.7c75.8,32.2,133.7,44.5,192.6,49.7\n\tc23.6,2.1,48.7,3.5,103.4-2.5c54.7-6,106.2-25.6,106.2-25.6V0H0v30.3c0,0,72,32.6,158.4,30.5c39.2-0.7,92.8-6.7,134-22.4\n\tc21.2-8.1,52.2-18.2,79.7-24.2C399.3,7.9,411.6,7.5,421.9,6.5z\"\/>\n<\/svg>\t\t<\/div>\n\t\t\t\t\t<div class=\"elementor-container elementor-column-gap-default\">\n\t\t\t\t\t<div class=\"has_eae_slider elementor-column elementor-col-100 elementor-top-column elementor-element elementor-element-8dd2a88\" data-eae-slider=\"79735\" data-id=\"8dd2a88\" data-element_type=\"column\" data-e-type=\"column\">\n\t\t\t<div class=\"elementor-widget-wrap elementor-element-populated\">\n\t\t\t\t\t\t<div class=\"elementor-element elementor-element-1a214e5 elementor-widget elementor-widget-heading\" data-id=\"1a214e5\" data-element_type=\"widget\" data-e-type=\"widget\" data-widget_type=\"heading.default\">\n\t\t\t\t<div class=\"elementor-widget-container\">\n\t\t\t\t\t<h1 class=\"elementor-heading-title elementor-size-default\">Au coeur de la cha\u00eene alimentaire<\/h1>\t\t\t\t<\/div>\n\t\t\t\t<\/div>\n\t\t\t\t<div class=\"elementor-element elementor-element-2a43e32 elementor-widget elementor-widget-spacer\" data-id=\"2a43e32\" data-element_type=\"widget\" data-e-type=\"widget\" data-widget_type=\"spacer.default\">\n\t\t\t\t<div class=\"elementor-widget-container\">\n\t\t\t\t\t\t\t<div class=\"elementor-spacer\">\n\t\t\t<div class=\"elementor-spacer-inner\"><\/div>\n\t\t<\/div>\n\t\t\t\t\t\t<\/div>\n\t\t\t\t<\/div>\n\t\t\t\t\t<\/div>\n\t\t<\/div>\n\t\t\t\t\t<\/div>\n\t\t<\/section>\n\t\t\t\t<section class=\"has_eae_slider elementor-section elementor-top-section elementor-element elementor-element-21a23a8 elementor-section-full_width elementor-section-height-default elementor-section-height-default\" data-eae-slider=\"35241\" data-id=\"21a23a8\" data-element_type=\"section\" data-e-type=\"section\">\n\t\t\t\t\t\t<div class=\"elementor-container elementor-column-gap-default\">\n\t\t\t\t\t<div class=\"has_eae_slider elementor-column elementor-col-100 elementor-top-column elementor-element elementor-element-6170391\" data-eae-slider=\"52277\" data-id=\"6170391\" data-element_type=\"column\" data-e-type=\"column\">\n\t\t\t<div class=\"elementor-widget-wrap elementor-element-populated\">\n\t\t\t\t\t\t<div class=\"elementor-element elementor-element-b5c9b9e elementor-widget elementor-widget-shortcode\" data-id=\"b5c9b9e\" data-element_type=\"widget\" data-e-type=\"widget\" data-widget_type=\"shortcode.default\">\n\t\t\t\t<div class=\"elementor-widget-container\">\n\t\t\t\t\t\t\t<div class=\"elementor-shortcode\"><nav aria-label=\"breadcrumbs\" class=\"rank-math-breadcrumb\"><p><span class=\"last\">Accueil<\/span><\/p><\/nav><\/div>\n\t\t\t\t\t\t<\/div>\n\t\t\t\t<\/div>\n\t\t\t\t\t<\/div>\n\t\t<\/div>\n\t\t\t\t\t<\/div>\n\t\t<\/section>\n\t\t\t\t<section class=\"has_eae_slider elementor-section elementor-top-section elementor-element elementor-element-fea4d9e elementor-section-boxed elementor-section-height-default elementor-section-height-default\" data-eae-slider=\"29620\" data-id=\"fea4d9e\" data-element_type=\"section\" data-e-type=\"section\">\n\t\t\t\t\t\t<div class=\"elementor-container elementor-column-gap-default\">\n\t\t\t\t\t<div class=\"has_eae_slider elementor-column elementor-col-100 elementor-top-column elementor-element elementor-element-f1e81e5\" data-eae-slider=\"84052\" data-id=\"f1e81e5\" data-element_type=\"column\" data-e-type=\"column\">\n\t\t\t<div class=\"elementor-widget-wrap elementor-element-populated\">\n\t\t\t\t\t\t<div class=\"elementor-element elementor-element-c9af9f8 elementor-widget elementor-widget-heading\" data-id=\"c9af9f8\" data-element_type=\"widget\" data-e-type=\"widget\" data-widget_type=\"heading.default\">\n\t\t\t\t<div class=\"elementor-widget-container\">\n\t\t\t\t\t<h2 class=\"elementor-heading-title elementor-size-default\">Th\u00e8me 3 de l\u2019exposition Ceta\u2019M\u00e9diterran\u00e9e\n<\/h2>\t\t\t\t<\/div>\n\t\t\t\t<\/div>\n\t\t\t\t<div class=\"elementor-element elementor-element-dc81d3c elementor-widget-divider--view-line elementor-widget elementor-widget-divider\" data-id=\"dc81d3c\" data-element_type=\"widget\" data-e-type=\"widget\" data-widget_type=\"divider.default\">\n\t\t\t\t<div class=\"elementor-widget-container\">\n\t\t\t\t\t\t\t<div class=\"elementor-divider\">\n\t\t\t<span class=\"elementor-divider-separator\">\n\t\t\t\t\t\t<\/span>\n\t\t<\/div>\n\t\t\t\t\t\t<\/div>\n\t\t\t\t<\/div>\n\t\t\t\t<div class=\"elementor-element elementor-element-8c54ee3 elementor-widget elementor-widget-image\" data-id=\"8c54ee3\" data-element_type=\"widget\" data-e-type=\"widget\" data-widget_type=\"image.default\">\n\t\t\t\t<div class=\"elementor-widget-container\">\n\t\t\t\t\t\t\t\t\t\t\t\t\t\t\t<img fetchpriority=\"high\" fetchpriority=\"high\" decoding=\"async\" width=\"476\" height=\"939\" src=\"https:\/\/miraceti.org\/wp-content\/uploads\/2022\/08\/Capture-de\u0301cran-2022-08-08-a\u0300-15.38.56.png\" class=\"attachment-large size-large wp-image-8975\" alt=\"Au coeur de la chaine alimentaire - MIRACETI\" srcset=\"https:\/\/miraceti.org\/wp-content\/uploads\/2022\/08\/Capture-de\u0301cran-2022-08-08-a\u0300-15.38.56.png 476w, https:\/\/miraceti.org\/wp-content\/uploads\/2022\/08\/Capture-de\u0301cran-2022-08-08-a\u0300-15.38.56-152x300.png 152w\" sizes=\"(max-width: 476px) 100vw, 476px\" \/>\t\t\t\t\t\t\t\t\t\t\t\t\t\t\t<\/div>\n\t\t\t\t<\/div>\n\t\t\t\t<div class=\"elementor-element elementor-element-b78ac52 elementor-align-center elementor-widget elementor-widget-button\" data-id=\"b78ac52\" data-element_type=\"widget\" data-e-type=\"widget\" data-widget_type=\"button.default\">\n\t\t\t\t<div class=\"elementor-widget-container\">\n\t\t\t\t\t\t\t\t\t<div class=\"elementor-button-wrapper\">\n\t\t\t\t\t<a class=\"elementor-button elementor-button-link elementor-size-sm\" href=\"https:\/\/miraceti.org\/wp-content\/uploads\/2022\/08\/MIRACETI_K3_MED-1.pdf\">\n\t\t\t\t\t\t<span class=\"elementor-button-content-wrapper\">\n\t\t\t\t\t\t\t\t\t<span class=\"elementor-button-text\"> T\u00e9l\u00e9charger le kak\u00e9mono<\/span>\n\t\t\t\t\t<\/span>\n\t\t\t\t\t<\/a>\n\t\t\t\t<\/div>\n\t\t\t\t\t\t\t\t<\/div>\n\t\t\t\t<\/div>\n\t\t\t\t<div class=\"elementor-element elementor-element-6aca0ba elementor-widget elementor-widget-text-editor\" data-id=\"6aca0ba\" data-element_type=\"widget\" data-e-type=\"widget\" data-widget_type=\"text-editor.default\">\n\t\t\t\t<div class=\"elementor-widget-container\">\n\t\t\t\t\t\t\t\t\t<p><a href=\"https:\/\/miraceti.org\/les-cetaces\/ecologie-et-biologie-2\/\"><span style=\"text-decoration: underline;\"><span style=\"font-weight: 400;\">D\u00e9couvrir les autres kak\u00e9monos &gt;<\/span><\/span><\/a><\/p>\t\t\t\t\t\t\t\t<\/div>\n\t\t\t\t<\/div>\n\t\t\t\t\t<\/div>\n\t\t<\/div>\n\t\t\t\t\t<\/div>\n\t\t<\/section>\n\t\t\t\t<\/div>\n\t\t","protected":false},"excerpt":{"rendered":"<p>Au coeur de la cha\u00eene alimentaire <nav aria-label=\"breadcrumbs\" class=\"rank-math-breadcrumb\"><p><span class=\"last\">Accueil<\/span><\/p><\/nav> Th\u00e8me 3 de l\u2019exposition Ceta\u2019M\u00e9diterran\u00e9e T\u00e9l\u00e9charger le kak\u00e9mono D\u00e9couvrir les autres kak\u00e9monos &gt;<\/p>\n","protected":false},"author":4,"featured_media":10517,"parent":10555,"menu_order":0,"comment_status":"closed","ping_status":"closed","template":"","meta":{"_et_pb_use_builder":"on","_et_pb_old_content":"<h1>Au coeur de la cha\u00eene alimentaire<\/h1><p>[rank_math_breadcrumb]<\/p><h2>Th\u00e8me 3 de l\u2019exposition Ceta\u2019M\u00e9diterran\u00e9e<\/h2><p><img src=\"https:\/\/miraceti.org\/wp-content\/uploads\/2022\/08\/Capture-de\u0301cran-2022-08-08-a\u0300-15.38.56.png\" sizes=\"(max-width: 476px) 100vw, 476px\" srcset=\"https:\/\/miraceti.org\/wp-content\/uploads\/2022\/08\/Capture-de\u0301cran-2022-08-08-a\u0300-15.38.56.png 476w, https:\/\/miraceti.org\/wp-content\/uploads\/2022\/08\/Capture-de\u0301cran-2022-08-08-a\u0300-15.38.56-152x300.png 152w\" alt=\"\" width=\"476\" height=\"939\" \/><br \/><a href=\"https:\/\/miraceti.org\/wp-content\/uploads\/2022\/08\/MIRACETI_K3_MED-1.pdf\"><br \/>T\u00e9l\u00e9charger le kak\u00e9mono<br \/><\/a><\/p><p><a href=\"https:\/\/miraceti.org\/les-cetaces\/ecologie-et-biologie-2\/\">D\u00e9couvrir les autres kak\u00e9monos ><\/a><\/p>","_et_gb_content_width":"","_monsterinsights_skip_tracking":false,"_monsterinsights_sitenote_active":false,"_monsterinsights_sitenote_note":"","_monsterinsights_sitenote_category":0,"footnotes":""},"class_list":["post-10551","page","type-page","status-publish","has-post-thumbnail","hentry"],"_links":{"self":[{"href":"https:\/\/miraceti.org\/en\/wp-json\/wp\/v2\/pages\/10551","targetHints":{"allow":["GET"]}}],"collection":[{"href":"https:\/\/miraceti.org\/en\/wp-json\/wp\/v2\/pages"}],"about":[{"href":"https:\/\/miraceti.org\/en\/wp-json\/wp\/v2\/types\/page"}],"author":[{"embeddable":true,"href":"https:\/\/miraceti.org\/en\/wp-json\/wp\/v2\/users\/4"}],"replies":[{"embeddable":true,"href":"https:\/\/miraceti.org\/en\/wp-json\/wp\/v2\/comments?post=10551"}],"version-history":[{"count":18,"href":"https:\/\/miraceti.org\/en\/wp-json\/wp\/v2\/pages\/10551\/revisions"}],"predecessor-version":[{"id":12851,"href":"https:\/\/miraceti.org\/en\/wp-json\/wp\/v2\/pages\/10551\/revisions\/12851"}],"up":[{"embeddable":true,"href":"https:\/\/miraceti.org\/en\/wp-json\/wp\/v2\/pages\/10555"}],"wp:featuredmedia":[{"embeddable":true,"href":"https:\/\/miraceti.org\/en\/wp-json\/wp\/v2\/media\/10517"}],"wp:attachment":[{"href":"https:\/\/miraceti.org\/en\/wp-json\/wp\/v2\/media?parent=10551"}],"curies":[{"name":"wp","href":"https:\/\/api.w.org\/{rel}","templated":true}]}}