{"id":10550,"date":"2022-08-08T13:43:52","date_gmt":"2022-08-08T13:43:52","guid":{"rendered":"https:\/\/miraceti.org\/au-coeur-dun-habitat\/"},"modified":"2024-04-09T20:14:03","modified_gmt":"2024-04-09T20:14:03","slug":"au-coeur-dun-habitat","status":"publish","type":"page","link":"https:\/\/miraceti.org\/en\/ecologie-et-biologie-2\/au-coeur-dun-habitat\/","title":{"rendered":"Au coeur d\u2019un habitat"},"content":{"rendered":"\t\t<div data-elementor-type=\"wp-page\" data-elementor-id=\"10550\" class=\"elementor elementor-10550\" data-elementor-post-type=\"page\">\n\t\t\t\t\t\t<section class=\"has_eae_slider elementor-section elementor-top-section elementor-element elementor-element-e500bdf elementor-section-full_width elementor-section-height-default elementor-section-height-default\" data-eae-slider=\"14837\" data-id=\"e500bdf\" data-element_type=\"section\" data-e-type=\"section\" data-settings=\"{&quot;background_background&quot;:&quot;classic&quot;,&quot;shape_divider_bottom&quot;:&quot;waves&quot;}\">\n\t\t\t\t\t<div class=\"elementor-shape elementor-shape-bottom\" aria-hidden=\"true\" data-negative=\"false\">\n\t\t\t<svg xmlns=\"http:\/\/www.w3.org\/2000\/svg\" viewBox=\"0 0 1000 100\" preserveAspectRatio=\"none\">\n\t<path class=\"elementor-shape-fill\" d=\"M421.9,6.5c22.6-2.5,51.5,0.4,75.5,5.3c23.6,4.9,70.9,23.5,100.5,35.7c75.8,32.2,133.7,44.5,192.6,49.7\n\tc23.6,2.1,48.7,3.5,103.4-2.5c54.7-6,106.2-25.6,106.2-25.6V0H0v30.3c0,0,72,32.6,158.4,30.5c39.2-0.7,92.8-6.7,134-22.4\n\tc21.2-8.1,52.2-18.2,79.7-24.2C399.3,7.9,411.6,7.5,421.9,6.5z\"\/>\n<\/svg>\t\t<\/div>\n\t\t\t\t\t<div class=\"elementor-container elementor-column-gap-default\">\n\t\t\t\t\t<div class=\"has_eae_slider elementor-column elementor-col-100 elementor-top-column elementor-element elementor-element-6085464\" data-eae-slider=\"20394\" data-id=\"6085464\" data-element_type=\"column\" data-e-type=\"column\">\n\t\t\t<div class=\"elementor-widget-wrap elementor-element-populated\">\n\t\t\t\t\t\t<div class=\"elementor-element elementor-element-93aa962 elementor-widget elementor-widget-heading\" data-id=\"93aa962\" data-element_type=\"widget\" data-e-type=\"widget\" data-widget_type=\"heading.default\">\n\t\t\t\t<div class=\"elementor-widget-container\">\n\t\t\t\t\t<h1 class=\"elementor-heading-title elementor-size-default\">Au coeur d\u2019un habitat<\/h1>\t\t\t\t<\/div>\n\t\t\t\t<\/div>\n\t\t\t\t<div class=\"elementor-element elementor-element-d85b7e2 elementor-widget elementor-widget-spacer\" data-id=\"d85b7e2\" data-element_type=\"widget\" data-e-type=\"widget\" data-widget_type=\"spacer.default\">\n\t\t\t\t<div class=\"elementor-widget-container\">\n\t\t\t\t\t\t\t<div class=\"elementor-spacer\">\n\t\t\t<div class=\"elementor-spacer-inner\"><\/div>\n\t\t<\/div>\n\t\t\t\t\t\t<\/div>\n\t\t\t\t<\/div>\n\t\t\t\t\t<\/div>\n\t\t<\/div>\n\t\t\t\t\t<\/div>\n\t\t<\/section>\n\t\t\t\t<section class=\"has_eae_slider elementor-section elementor-top-section elementor-element elementor-element-1b03ec4 elementor-section-full_width elementor-section-height-default elementor-section-height-default\" data-eae-slider=\"29805\" data-id=\"1b03ec4\" data-element_type=\"section\" data-e-type=\"section\">\n\t\t\t\t\t\t<div class=\"elementor-container elementor-column-gap-default\">\n\t\t\t\t\t<div class=\"has_eae_slider elementor-column elementor-col-100 elementor-top-column elementor-element elementor-element-68532fb\" data-eae-slider=\"32435\" data-id=\"68532fb\" data-element_type=\"column\" data-e-type=\"column\">\n\t\t\t<div class=\"elementor-widget-wrap elementor-element-populated\">\n\t\t\t\t\t\t<div class=\"elementor-element elementor-element-8d502df elementor-widget elementor-widget-shortcode\" data-id=\"8d502df\" data-element_type=\"widget\" data-e-type=\"widget\" data-widget_type=\"shortcode.default\">\n\t\t\t\t<div class=\"elementor-widget-container\">\n\t\t\t\t\t\t\t<div class=\"elementor-shortcode\"><nav aria-label=\"breadcrumbs\" class=\"rank-math-breadcrumb\"><p><span class=\"last\">Accueil<\/span><\/p><\/nav><\/div>\n\t\t\t\t\t\t<\/div>\n\t\t\t\t<\/div>\n\t\t\t\t\t<\/div>\n\t\t<\/div>\n\t\t\t\t\t<\/div>\n\t\t<\/section>\n\t\t\t\t<section class=\"has_eae_slider elementor-section elementor-top-section elementor-element elementor-element-ee6094c elementor-section-boxed elementor-section-height-default elementor-section-height-default\" data-eae-slider=\"66631\" data-id=\"ee6094c\" data-element_type=\"section\" data-e-type=\"section\">\n\t\t\t\t\t\t<div class=\"elementor-container elementor-column-gap-default\">\n\t\t\t\t\t<div class=\"has_eae_slider elementor-column elementor-col-100 elementor-top-column elementor-element elementor-element-ddd808c\" data-eae-slider=\"907\" data-id=\"ddd808c\" data-element_type=\"column\" data-e-type=\"column\">\n\t\t\t<div class=\"elementor-widget-wrap elementor-element-populated\">\n\t\t\t\t\t\t<div class=\"elementor-element elementor-element-a135112 elementor-widget elementor-widget-heading\" data-id=\"a135112\" data-element_type=\"widget\" data-e-type=\"widget\" data-widget_type=\"heading.default\">\n\t\t\t\t<div class=\"elementor-widget-container\">\n\t\t\t\t\t<h2 class=\"elementor-heading-title elementor-size-default\">Th\u00e8me 4 de l\u2019exposition Ceta\u2019M\u00e9diterran\u00e9e\n<\/h2>\t\t\t\t<\/div>\n\t\t\t\t<\/div>\n\t\t\t\t<div class=\"elementor-element elementor-element-f751f71 elementor-widget-divider--view-line elementor-widget elementor-widget-divider\" data-id=\"f751f71\" data-element_type=\"widget\" data-e-type=\"widget\" data-widget_type=\"divider.default\">\n\t\t\t\t<div class=\"elementor-widget-container\">\n\t\t\t\t\t\t\t<div class=\"elementor-divider\">\n\t\t\t<span class=\"elementor-divider-separator\">\n\t\t\t\t\t\t<\/span>\n\t\t<\/div>\n\t\t\t\t\t\t<\/div>\n\t\t\t\t<\/div>\n\t\t\t\t<div class=\"elementor-element elementor-element-30b1f8c elementor-widget elementor-widget-image\" data-id=\"30b1f8c\" data-element_type=\"widget\" data-e-type=\"widget\" data-widget_type=\"image.default\">\n\t\t\t\t<div class=\"elementor-widget-container\">\n\t\t\t\t\t\t\t\t\t\t\t\t\t\t\t<img fetchpriority=\"high\" fetchpriority=\"high\" decoding=\"async\" width=\"532\" height=\"1024\" src=\"https:\/\/miraceti.org\/wp-content\/uploads\/2022\/08\/Capture-de\u0301cran-2022-08-19-a\u0300-14.08.32-532x1024.png\" class=\"attachment-large size-large wp-image-9367\" alt=\"L&#039;humain r\u00e9glemente l&#039;espace et cr\u00e9e des fronti\u00e8res. Les esp\u00e8ces marines ne connaissent pas de fronti\u00e8res ormis la terre\" srcset=\"https:\/\/miraceti.org\/wp-content\/uploads\/2022\/08\/Capture-de\u0301cran-2022-08-19-a\u0300-14.08.32-532x1024.png 532w, https:\/\/miraceti.org\/wp-content\/uploads\/2022\/08\/Capture-de\u0301cran-2022-08-19-a\u0300-14.08.32-156x300.png 156w, https:\/\/miraceti.org\/wp-content\/uploads\/2022\/08\/Capture-de\u0301cran-2022-08-19-a\u0300-14.08.32-600x1154.png 600w, https:\/\/miraceti.org\/wp-content\/uploads\/2022\/08\/Capture-de\u0301cran-2022-08-19-a\u0300-14.08.32.png 702w\" sizes=\"(max-width: 532px) 100vw, 532px\" \/>\t\t\t\t\t\t\t\t\t\t\t\t\t\t\t<\/div>\n\t\t\t\t<\/div>\n\t\t\t\t<div class=\"elementor-element elementor-element-2884bfd elementor-align-center elementor-widget elementor-widget-button\" data-id=\"2884bfd\" data-element_type=\"widget\" data-e-type=\"widget\" data-widget_type=\"button.default\">\n\t\t\t\t<div class=\"elementor-widget-container\">\n\t\t\t\t\t\t\t\t\t<div class=\"elementor-button-wrapper\">\n\t\t\t\t\t<a class=\"elementor-button elementor-button-link elementor-size-sm\" href=\"https:\/\/miraceti.org\/wp-content\/uploads\/2022\/08\/MIRACETI_K4_MED.pdf\">\n\t\t\t\t\t\t<span class=\"elementor-button-content-wrapper\">\n\t\t\t\t\t\t\t\t\t<span class=\"elementor-button-text\"> T\u00e9l\u00e9charger le kak\u00e9mono<\/span>\n\t\t\t\t\t<\/span>\n\t\t\t\t\t<\/a>\n\t\t\t\t<\/div>\n\t\t\t\t\t\t\t\t<\/div>\n\t\t\t\t<\/div>\n\t\t\t\t<div class=\"elementor-element elementor-element-1cfb3a0 elementor-widget elementor-widget-text-editor\" data-id=\"1cfb3a0\" data-element_type=\"widget\" data-e-type=\"widget\" data-widget_type=\"text-editor.default\">\n\t\t\t\t<div class=\"elementor-widget-container\">\n\t\t\t\t\t\t\t\t\t<p><a href=\"https:\/\/miraceti.org\/les-cetaces\/ecologie-et-biologie-2\/\"><span style=\"text-decoration: underline;\"><span style=\"font-weight: 400;\">D\u00e9couvrir les autres kak\u00e9monos &gt;<\/span><\/span><\/a><\/p>\t\t\t\t\t\t\t\t<\/div>\n\t\t\t\t<\/div>\n\t\t\t\t\t<\/div>\n\t\t<\/div>\n\t\t\t\t\t<\/div>\n\t\t<\/section>\n\t\t\t\t<\/div>\n\t\t","protected":false},"excerpt":{"rendered":"<p>Au coeur d\u2019un habitat <nav aria-label=\"breadcrumbs\" class=\"rank-math-breadcrumb\"><p><span class=\"last\">Accueil<\/span><\/p><\/nav> Th\u00e8me 4 de l\u2019exposition Ceta\u2019M\u00e9diterran\u00e9e T\u00e9l\u00e9charger le kak\u00e9mono D\u00e9couvrir les autres kak\u00e9monos &gt;<\/p>\n","protected":false},"author":4,"featured_media":10516,"parent":10555,"menu_order":0,"comment_status":"closed","ping_status":"closed","template":"","meta":{"_et_pb_use_builder":"on","_et_pb_old_content":"<h1>Au coeur d\u2019un habitat<\/h1><p>[rank_math_breadcrumb]<\/p><h2>Th\u00e8me 4 de l\u2019exposition Ceta\u2019M\u00e9diterran\u00e9e<\/h2><p><img src=\"https:\/\/miraceti.org\/wp-content\/uploads\/2022\/08\/Capture-de\u0301cran-2022-08-19-a\u0300-14.08.32-532x1024.png\" sizes=\"(max-width: 532px) 100vw, 532px\" srcset=\"https:\/\/miraceti.org\/wp-content\/uploads\/2022\/08\/Capture-de\u0301cran-2022-08-19-a\u0300-14.08.32-532x1024.png 532w, https:\/\/miraceti.org\/wp-content\/uploads\/2022\/08\/Capture-de\u0301cran-2022-08-19-a\u0300-14.08.32-156x300.png 156w, https:\/\/miraceti.org\/wp-content\/uploads\/2022\/08\/Capture-de\u0301cran-2022-08-19-a\u0300-14.08.32-600x1154.png 600w, https:\/\/miraceti.org\/wp-content\/uploads\/2022\/08\/Capture-de\u0301cran-2022-08-19-a\u0300-14.08.32.png 702w\" alt=\"\" width=\"532\" height=\"1024\" \/><br \/><a href=\"https:\/\/miraceti.org\/wp-content\/uploads\/2022\/08\/MIRACETI_K4_MED.pdf\"><br \/>T\u00e9l\u00e9charger le kak\u00e9mono<br \/><\/a><\/p><p><a href=\"https:\/\/miraceti.org\/les-cetaces\/ecologie-et-biologie-2\/\">D\u00e9couvrir les autres kak\u00e9monos ><\/a><\/p>","_et_gb_content_width":"","_monsterinsights_skip_tracking":false,"_monsterinsights_sitenote_active":false,"_monsterinsights_sitenote_note":"","_monsterinsights_sitenote_category":0,"footnotes":""},"class_list":["post-10550","page","type-page","status-publish","has-post-thumbnail","hentry"],"_links":{"self":[{"href":"https:\/\/miraceti.org\/en\/wp-json\/wp\/v2\/pages\/10550","targetHints":{"allow":["GET"]}}],"collection":[{"href":"https:\/\/miraceti.org\/en\/wp-json\/wp\/v2\/pages"}],"about":[{"href":"https:\/\/miraceti.org\/en\/wp-json\/wp\/v2\/types\/page"}],"author":[{"embeddable":true,"href":"https:\/\/miraceti.org\/en\/wp-json\/wp\/v2\/users\/4"}],"replies":[{"embeddable":true,"href":"https:\/\/miraceti.org\/en\/wp-json\/wp\/v2\/comments?post=10550"}],"version-history":[{"count":18,"href":"https:\/\/miraceti.org\/en\/wp-json\/wp\/v2\/pages\/10550\/revisions"}],"predecessor-version":[{"id":12849,"href":"https:\/\/miraceti.org\/en\/wp-json\/wp\/v2\/pages\/10550\/revisions\/12849"}],"up":[{"embeddable":true,"href":"https:\/\/miraceti.org\/en\/wp-json\/wp\/v2\/pages\/10555"}],"wp:featuredmedia":[{"embeddable":true,"href":"https:\/\/miraceti.org\/en\/wp-json\/wp\/v2\/media\/10516"}],"wp:attachment":[{"href":"https:\/\/miraceti.org\/en\/wp-json\/wp\/v2\/media?parent=10550"}],"curies":[{"name":"wp","href":"https:\/\/api.w.org\/{rel}","templated":true}]}}