{"id":10549,"date":"2022-08-08T13:48:31","date_gmt":"2022-08-08T13:48:31","guid":{"rendered":"https:\/\/miraceti.org\/au-coeur-de-nos-societes\/"},"modified":"2024-04-09T20:25:50","modified_gmt":"2024-04-09T20:25:50","slug":"au-coeur-de-nos-societes","status":"publish","type":"page","link":"https:\/\/miraceti.org\/en\/ecologie-et-biologie-2\/au-coeur-de-nos-societes\/","title":{"rendered":"Au coeur de nos soci\u00e9t\u00e9s"},"content":{"rendered":"\t\t<div data-elementor-type=\"wp-page\" data-elementor-id=\"10549\" class=\"elementor elementor-10549\" data-elementor-post-type=\"page\">\n\t\t\t\t\t\t<section class=\"has_eae_slider elementor-section elementor-top-section elementor-element elementor-element-05a4712 elementor-section-full_width elementor-section-height-default elementor-section-height-default\" data-eae-slider=\"77779\" data-id=\"05a4712\" data-element_type=\"section\" data-e-type=\"section\" data-settings=\"{&quot;background_background&quot;:&quot;classic&quot;,&quot;shape_divider_bottom&quot;:&quot;waves&quot;}\">\n\t\t\t\t\t\t\t<div class=\"elementor-background-overlay\"><\/div>\n\t\t\t\t\t\t<div class=\"elementor-shape elementor-shape-bottom\" aria-hidden=\"true\" data-negative=\"false\">\n\t\t\t<svg xmlns=\"http:\/\/www.w3.org\/2000\/svg\" viewBox=\"0 0 1000 100\" preserveAspectRatio=\"none\">\n\t<path class=\"elementor-shape-fill\" d=\"M421.9,6.5c22.6-2.5,51.5,0.4,75.5,5.3c23.6,4.9,70.9,23.5,100.5,35.7c75.8,32.2,133.7,44.5,192.6,49.7\n\tc23.6,2.1,48.7,3.5,103.4-2.5c54.7-6,106.2-25.6,106.2-25.6V0H0v30.3c0,0,72,32.6,158.4,30.5c39.2-0.7,92.8-6.7,134-22.4\n\tc21.2-8.1,52.2-18.2,79.7-24.2C399.3,7.9,411.6,7.5,421.9,6.5z\"\/>\n<\/svg>\t\t<\/div>\n\t\t\t\t\t<div class=\"elementor-container elementor-column-gap-default\">\n\t\t\t\t\t<div class=\"has_eae_slider elementor-column elementor-col-100 elementor-top-column elementor-element elementor-element-06ffa98\" data-eae-slider=\"27402\" data-id=\"06ffa98\" data-element_type=\"column\" data-e-type=\"column\">\n\t\t\t<div class=\"elementor-widget-wrap elementor-element-populated\">\n\t\t\t\t\t\t<div class=\"elementor-element elementor-element-9c0b0b3 elementor-widget elementor-widget-heading\" data-id=\"9c0b0b3\" data-element_type=\"widget\" data-e-type=\"widget\" data-widget_type=\"heading.default\">\n\t\t\t\t<div class=\"elementor-widget-container\">\n\t\t\t\t\t<h1 class=\"elementor-heading-title elementor-size-default\">Au coeur de nos soci\u00e9t\u00e9s\n<\/h1>\t\t\t\t<\/div>\n\t\t\t\t<\/div>\n\t\t\t\t<div class=\"elementor-element elementor-element-cf3d051 elementor-widget elementor-widget-spacer\" data-id=\"cf3d051\" data-element_type=\"widget\" data-e-type=\"widget\" data-widget_type=\"spacer.default\">\n\t\t\t\t<div class=\"elementor-widget-container\">\n\t\t\t\t\t\t\t<div class=\"elementor-spacer\">\n\t\t\t<div class=\"elementor-spacer-inner\"><\/div>\n\t\t<\/div>\n\t\t\t\t\t\t<\/div>\n\t\t\t\t<\/div>\n\t\t\t\t\t<\/div>\n\t\t<\/div>\n\t\t\t\t\t<\/div>\n\t\t<\/section>\n\t\t\t\t<section class=\"has_eae_slider elementor-section elementor-top-section elementor-element elementor-element-087f4b9 elementor-section-full_width elementor-section-height-default elementor-section-height-default\" data-eae-slider=\"34028\" data-id=\"087f4b9\" data-element_type=\"section\" data-e-type=\"section\">\n\t\t\t\t\t\t<div class=\"elementor-container elementor-column-gap-default\">\n\t\t\t\t\t<div class=\"has_eae_slider elementor-column elementor-col-100 elementor-top-column elementor-element elementor-element-c194473\" data-eae-slider=\"89802\" data-id=\"c194473\" data-element_type=\"column\" data-e-type=\"column\">\n\t\t\t<div class=\"elementor-widget-wrap elementor-element-populated\">\n\t\t\t\t\t\t<div class=\"elementor-element elementor-element-298f91c elementor-widget elementor-widget-shortcode\" data-id=\"298f91c\" data-element_type=\"widget\" data-e-type=\"widget\" data-widget_type=\"shortcode.default\">\n\t\t\t\t<div class=\"elementor-widget-container\">\n\t\t\t\t\t\t\t<div class=\"elementor-shortcode\"><nav aria-label=\"breadcrumbs\" class=\"rank-math-breadcrumb\"><p><span class=\"last\">Accueil<\/span><\/p><\/nav><\/div>\n\t\t\t\t\t\t<\/div>\n\t\t\t\t<\/div>\n\t\t\t\t\t<\/div>\n\t\t<\/div>\n\t\t\t\t\t<\/div>\n\t\t<\/section>\n\t\t\t\t<section class=\"has_eae_slider elementor-section elementor-top-section elementor-element elementor-element-853a7b3 elementor-section-boxed elementor-section-height-default elementor-section-height-default\" data-eae-slider=\"29047\" data-id=\"853a7b3\" data-element_type=\"section\" data-e-type=\"section\">\n\t\t\t\t\t\t<div class=\"elementor-container elementor-column-gap-default\">\n\t\t\t\t\t<div class=\"has_eae_slider elementor-column elementor-col-100 elementor-top-column elementor-element elementor-element-6f26347\" data-eae-slider=\"85504\" data-id=\"6f26347\" data-element_type=\"column\" data-e-type=\"column\">\n\t\t\t<div class=\"elementor-widget-wrap elementor-element-populated\">\n\t\t\t\t\t\t<div class=\"elementor-element elementor-element-02abfdd elementor-widget elementor-widget-heading\" data-id=\"02abfdd\" data-element_type=\"widget\" data-e-type=\"widget\" data-widget_type=\"heading.default\">\n\t\t\t\t<div class=\"elementor-widget-container\">\n\t\t\t\t\t<h2 class=\"elementor-heading-title elementor-size-default\">Th\u00e8me 5 de l\u2019exposition Ceta\u2019M\u00e9diterran\u00e9e<\/h2>\t\t\t\t<\/div>\n\t\t\t\t<\/div>\n\t\t\t\t<div class=\"elementor-element elementor-element-95a641f elementor-widget-divider--view-line elementor-widget elementor-widget-divider\" data-id=\"95a641f\" data-element_type=\"widget\" data-e-type=\"widget\" data-widget_type=\"divider.default\">\n\t\t\t\t<div class=\"elementor-widget-container\">\n\t\t\t\t\t\t\t<div class=\"elementor-divider\">\n\t\t\t<span class=\"elementor-divider-separator\">\n\t\t\t\t\t\t<\/span>\n\t\t<\/div>\n\t\t\t\t\t\t<\/div>\n\t\t\t\t<\/div>\n\t\t\t\t<div class=\"elementor-element elementor-element-140775b elementor-widget elementor-widget-image\" data-id=\"140775b\" data-element_type=\"widget\" data-e-type=\"widget\" data-widget_type=\"image.default\">\n\t\t\t\t<div class=\"elementor-widget-container\">\n\t\t\t\t\t\t\t\t\t\t\t\t\t\t\t<img fetchpriority=\"high\" fetchpriority=\"high\" decoding=\"async\" width=\"483\" height=\"950\" src=\"https:\/\/miraceti.org\/wp-content\/uploads\/2022\/08\/Capture-de\u0301cran-2022-08-08-a\u0300-15.49.40.png\" class=\"attachment-large size-large wp-image-9004\" alt=\"Au coeur de nos soci\u00e9t\u00e9s - MIRACETI\" srcset=\"https:\/\/miraceti.org\/wp-content\/uploads\/2022\/08\/Capture-de\u0301cran-2022-08-08-a\u0300-15.49.40.png 483w, https:\/\/miraceti.org\/wp-content\/uploads\/2022\/08\/Capture-de\u0301cran-2022-08-08-a\u0300-15.49.40-153x300.png 153w\" sizes=\"(max-width: 483px) 100vw, 483px\" \/>\t\t\t\t\t\t\t\t\t\t\t\t\t\t\t<\/div>\n\t\t\t\t<\/div>\n\t\t\t\t<div class=\"elementor-element elementor-element-c8ddef9 elementor-align-center elementor-widget elementor-widget-button\" data-id=\"c8ddef9\" data-element_type=\"widget\" data-e-type=\"widget\" data-widget_type=\"button.default\">\n\t\t\t\t<div class=\"elementor-widget-container\">\n\t\t\t\t\t\t\t\t\t<div class=\"elementor-button-wrapper\">\n\t\t\t\t\t<a class=\"elementor-button elementor-button-link elementor-size-sm\" href=\"https:\/\/miraceti.org\/wp-content\/uploads\/2022\/08\/MIRACETI_K5_MED.pdf\">\n\t\t\t\t\t\t<span class=\"elementor-button-content-wrapper\">\n\t\t\t\t\t\t\t\t\t<span class=\"elementor-button-text\"> T\u00e9l\u00e9charger le kak\u00e9mono<\/span>\n\t\t\t\t\t<\/span>\n\t\t\t\t\t<\/a>\n\t\t\t\t<\/div>\n\t\t\t\t\t\t\t\t<\/div>\n\t\t\t\t<\/div>\n\t\t\t\t<div class=\"elementor-element elementor-element-6bf55a6 elementor-widget elementor-widget-text-editor\" data-id=\"6bf55a6\" data-element_type=\"widget\" data-e-type=\"widget\" data-widget_type=\"text-editor.default\">\n\t\t\t\t<div class=\"elementor-widget-container\">\n\t\t\t\t\t\t\t\t\t<p><a href=\"https:\/\/miraceti.org\/les-cetaces\/ecologie-et-biologie-2\/\"><span style=\"text-decoration: underline;\"><span style=\"font-weight: 400;\">D\u00e9couvrir les autres kak\u00e9monos &gt;<\/span><\/span><\/a><\/p>\t\t\t\t\t\t\t\t<\/div>\n\t\t\t\t<\/div>\n\t\t\t\t\t<\/div>\n\t\t<\/div>\n\t\t\t\t\t<\/div>\n\t\t<\/section>\n\t\t\t\t<\/div>\n\t\t","protected":false},"excerpt":{"rendered":"<p>Au coeur de nos soci\u00e9t\u00e9s <nav aria-label=\"breadcrumbs\" class=\"rank-math-breadcrumb\"><p><span class=\"last\">Accueil<\/span><\/p><\/nav> Th\u00e8me 5 de l\u2019exposition Ceta\u2019M\u00e9diterran\u00e9e T\u00e9l\u00e9charger le kak\u00e9mono D\u00e9couvrir les autres kak\u00e9monos &gt;<\/p>\n","protected":false},"author":4,"featured_media":10518,"parent":10555,"menu_order":0,"comment_status":"closed","ping_status":"closed","template":"","meta":{"_et_pb_use_builder":"on","_et_pb_old_content":"<h1>Au coeur de nos soci\u00e9t\u00e9s<\/h1><p>[rank_math_breadcrumb]<\/p><h2>Th\u00e8me 5 de l\u2019exposition Ceta\u2019M\u00e9diterran\u00e9e<\/h2><p><img src=\"https:\/\/miraceti.org\/wp-content\/uploads\/2022\/08\/Capture-de\u0301cran-2022-08-08-a\u0300-15.49.40.png\" sizes=\"(max-width: 483px) 100vw, 483px\" srcset=\"https:\/\/miraceti.org\/wp-content\/uploads\/2022\/08\/Capture-de\u0301cran-2022-08-08-a\u0300-15.49.40.png 483w, https:\/\/miraceti.org\/wp-content\/uploads\/2022\/08\/Capture-de\u0301cran-2022-08-08-a\u0300-15.49.40-153x300.png 153w\" alt=\"\" width=\"483\" height=\"950\" \/><br \/><a href=\"https:\/\/miraceti.org\/wp-content\/uploads\/2022\/08\/MIRACETI_K5_MED.pdf\"><br \/>T\u00e9l\u00e9charger le kak\u00e9mono<br \/><\/a><\/p><p><a href=\"https:\/\/miraceti.org\/les-cetaces\/ecologie-et-biologie-2\/\">D\u00e9couvrir les autres kak\u00e9monos ><\/a><\/p>","_et_gb_content_width":"","_monsterinsights_skip_tracking":false,"_monsterinsights_sitenote_active":false,"_monsterinsights_sitenote_note":"","_monsterinsights_sitenote_category":0,"footnotes":""},"class_list":["post-10549","page","type-page","status-publish","has-post-thumbnail","hentry"],"_links":{"self":[{"href":"https:\/\/miraceti.org\/en\/wp-json\/wp\/v2\/pages\/10549","targetHints":{"allow":["GET"]}}],"collection":[{"href":"https:\/\/miraceti.org\/en\/wp-json\/wp\/v2\/pages"}],"about":[{"href":"https:\/\/miraceti.org\/en\/wp-json\/wp\/v2\/types\/page"}],"author":[{"embeddable":true,"href":"https:\/\/miraceti.org\/en\/wp-json\/wp\/v2\/users\/4"}],"replies":[{"embeddable":true,"href":"https:\/\/miraceti.org\/en\/wp-json\/wp\/v2\/comments?post=10549"}],"version-history":[{"count":18,"href":"https:\/\/miraceti.org\/en\/wp-json\/wp\/v2\/pages\/10549\/revisions"}],"predecessor-version":[{"id":12853,"href":"https:\/\/miraceti.org\/en\/wp-json\/wp\/v2\/pages\/10549\/revisions\/12853"}],"up":[{"embeddable":true,"href":"https:\/\/miraceti.org\/en\/wp-json\/wp\/v2\/pages\/10555"}],"wp:featuredmedia":[{"embeddable":true,"href":"https:\/\/miraceti.org\/en\/wp-json\/wp\/v2\/media\/10518"}],"wp:attachment":[{"href":"https:\/\/miraceti.org\/en\/wp-json\/wp\/v2\/media?parent=10549"}],"curies":[{"name":"wp","href":"https:\/\/api.w.org\/{rel}","templated":true}]}}